{"id":2,"date":"2016-05-10T03:48:21","date_gmt":"2016-05-10T03:48:21","guid":{"rendered":"https:\/\/thecraic.de\/?page_id=2"},"modified":"2025-06-01T15:02:09","modified_gmt":"2025-06-01T15:02:09","slug":"info-wer-ist-the-craic","status":"publish","type":"page","link":"https:\/\/thecraic.de\/?page_id=2","title":{"rendered":"Info"},"content":{"rendered":"\n<p>F\u00fcnf Bergedorfer Musiker gr\u00fcndeten Anfang 2016 THE CRAIC!<br>Das irische Wort \u00bbCraic\u00ab steht f\u00fcr Musik, Entertainment und \u201eeine gute Zeit haben\u201c.<br>F\u00fcr die f\u00fcnf Lokalmatadoren bekannter Bands wie u.a. Fidi &amp; The Twins, Funkshop, Glowpunch, Indian Summer, Martini Club, Sugarcane Club, Treibhaus, Velvet Scum und ZOOTV ist der Name Programm:<\/p>\n\n\n\n<p><strong>Funk \u2019n\u2019 Soul vom Feinsten mit rockigen Ankl\u00e4ngen, der in die Beine geht und f\u00fcr Stimmung und eine volle Tanzfl\u00e4che sorgt.<\/strong><\/p>\n\n\n\n<p><\/p>\n","protected":false},"excerpt":{"rendered":"<p>F\u00fcnf Bergedorfer Musiker gr\u00fcndeten Anfang 2016 THE CRAIC!Das irische Wort \u00bbCraic\u00ab steht f\u00fcr Musik, Entertainment und \u201eeine gute Zeit haben\u201c.F\u00fcr die f\u00fcnf Lokalmatadoren bekannter Bands wie u.a. Fidi &amp; The Twins, Funkshop, Glowpunch, Indian Summer, Martini Club, Sugarcane Club, Treibhaus, Velvet Scum und ZOOTV ist der Name Programm: Funk \u2019n\u2019 Soul vom Feinsten mit rockigen&#8230;<\/p>\n","protected":false},"author":1,"featured_media":0,"parent":0,"menu_order":0,"comment_status":"closed","ping_status":"open","template":"","meta":{"footnotes":""},"class_list":["post-2","page","type-page","status-publish","hentry"],"yoast_head":"<!-- This site is optimized with the Yoast SEO plugin v27.3 - https:\/\/yoast.com\/product\/yoast-seo-wordpress\/ -->\n<title>Info - The Craic<\/title>\n<meta name=\"description\" content=\"F\u00fcnf Bergedorfer Musiker gr\u00fcndeten Anfang 2016 THE CRAIC! \u00bbCraic\u00ab steht f\u00fcr Musik, Entertainment und \u201eeine gute Zeit haben\u201c. Der Name ist Programm: Funk \u2019n\u2019 Soul vom Feinsten mit rockigen Ankl\u00e4ngen, der in die Beine geht und f\u00fcr Stimmung und eine volle Tanzfl\u00e4che sorgt.\" \/>\n<meta name=\"robots\" content=\"index, follow, max-snippet:-1, max-image-preview:large, max-video-preview:-1\" \/>\n<link rel=\"canonical\" href=\"https:\/\/thecraic.de\/?page_id=2\" \/>\n<meta property=\"og:locale\" content=\"en_US\" \/>\n<meta property=\"og:type\" content=\"article\" \/>\n<meta property=\"og:title\" content=\"Info - The Craic\" \/>\n<meta property=\"og:description\" content=\"F\u00fcnf Bergedorfer Musiker gr\u00fcndeten Anfang 2016 THE CRAIC! \u00bbCraic\u00ab steht f\u00fcr Musik, Entertainment und \u201eeine gute Zeit haben\u201c. Der Name ist Programm: Funk \u2019n\u2019 Soul vom Feinsten mit rockigen Ankl\u00e4ngen, der in die Beine geht und f\u00fcr Stimmung und eine volle Tanzfl\u00e4che sorgt.\" \/>\n<meta property=\"og:url\" content=\"https:\/\/thecraic.de\/?page_id=2\" \/>\n<meta property=\"og:site_name\" content=\"The Craic\" \/>\n<meta property=\"article:publisher\" content=\"https:\/\/www.facebook.com\/thecraicband\" \/>\n<meta property=\"article:modified_time\" content=\"2025-06-01T15:02:09+00:00\" \/>\n<meta name=\"twitter:card\" content=\"summary_large_image\" \/>\n<meta name=\"twitter:label1\" content=\"Est. reading time\" \/>\n\t<meta name=\"twitter:data1\" content=\"1 minute\" \/>\n<script type=\"application\/ld+json\" class=\"yoast-schema-graph\">{\"@context\":\"https:\\\/\\\/schema.org\",\"@graph\":[{\"@type\":\"WebPage\",\"@id\":\"https:\\\/\\\/thecraic.de\\\/?page_id=2\",\"url\":\"https:\\\/\\\/thecraic.de\\\/?page_id=2\",\"name\":\"Info - The Craic\",\"isPartOf\":{\"@id\":\"https:\\\/\\\/thecraic.de\\\/#website\"},\"datePublished\":\"2016-05-10T03:48:21+00:00\",\"dateModified\":\"2025-06-01T15:02:09+00:00\",\"description\":\"F\u00fcnf Bergedorfer Musiker gr\u00fcndeten Anfang 2016 THE CRAIC! \u00bbCraic\u00ab steht f\u00fcr Musik, Entertainment und \u201eeine gute Zeit haben\u201c. Der Name ist Programm: Funk \u2019n\u2019 Soul vom Feinsten mit rockigen Ankl\u00e4ngen, der in die Beine geht und f\u00fcr Stimmung und eine volle Tanzfl\u00e4che sorgt.\",\"breadcrumb\":{\"@id\":\"https:\\\/\\\/thecraic.de\\\/?page_id=2#breadcrumb\"},\"inLanguage\":\"en-US\",\"potentialAction\":[{\"@type\":\"ReadAction\",\"target\":[\"https:\\\/\\\/thecraic.de\\\/?page_id=2\"]}]},{\"@type\":\"BreadcrumbList\",\"@id\":\"https:\\\/\\\/thecraic.de\\\/?page_id=2#breadcrumb\",\"itemListElement\":[{\"@type\":\"ListItem\",\"position\":1,\"name\":\"Home\",\"item\":\"https:\\\/\\\/thecraic.de\\\/\"},{\"@type\":\"ListItem\",\"position\":2,\"name\":\"Info\"}]},{\"@type\":\"WebSite\",\"@id\":\"https:\\\/\\\/thecraic.de\\\/#website\",\"url\":\"https:\\\/\\\/thecraic.de\\\/\",\"name\":\"The Craic Band\",\"description\":\"The Craic aus Hamburg - Infos, Musik, Live Dates und mehr jetzt Buchen!\",\"publisher\":{\"@id\":\"https:\\\/\\\/thecraic.de\\\/#organization\"},\"potentialAction\":[{\"@type\":\"SearchAction\",\"target\":{\"@type\":\"EntryPoint\",\"urlTemplate\":\"https:\\\/\\\/thecraic.de\\\/?s={search_term_string}\"},\"query-input\":{\"@type\":\"PropertyValueSpecification\",\"valueRequired\":true,\"valueName\":\"search_term_string\"}}],\"inLanguage\":\"en-US\"},{\"@type\":\"Organization\",\"@id\":\"https:\\\/\\\/thecraic.de\\\/#organization\",\"name\":\"The Craic Band\",\"url\":\"https:\\\/\\\/thecraic.de\\\/\",\"logo\":{\"@type\":\"ImageObject\",\"inLanguage\":\"en-US\",\"@id\":\"https:\\\/\\\/thecraic.de\\\/#\\\/schema\\\/logo\\\/image\\\/\",\"url\":\"https:\\\/\\\/thecraic.de\\\/wp-content\\\/uploads\\\/2025\\\/06\\\/logo_small.jpg\",\"contentUrl\":\"https:\\\/\\\/thecraic.de\\\/wp-content\\\/uploads\\\/2025\\\/06\\\/logo_small.jpg\",\"width\":160,\"height\":160,\"caption\":\"The Craic Band\"},\"image\":{\"@id\":\"https:\\\/\\\/thecraic.de\\\/#\\\/schema\\\/logo\\\/image\\\/\"},\"sameAs\":[\"https:\\\/\\\/www.facebook.com\\\/thecraicband\",\"https:\\\/\\\/www.instagram.com\\\/thecraic.band\\\/\",\"https:\\\/\\\/www.youtube.com\\\/@thecraic7201\"]}]}<\/script>\n<!-- \/ Yoast SEO plugin. -->","yoast_head_json":{"title":"Info - The Craic","description":"F\u00fcnf Bergedorfer Musiker gr\u00fcndeten Anfang 2016 THE CRAIC! \u00bbCraic\u00ab steht f\u00fcr Musik, Entertainment und \u201eeine gute Zeit haben\u201c. Der Name ist Programm: Funk \u2019n\u2019 Soul vom Feinsten mit rockigen Ankl\u00e4ngen, der in die Beine geht und f\u00fcr Stimmung und eine volle Tanzfl\u00e4che sorgt.","robots":{"index":"index","follow":"follow","max-snippet":"max-snippet:-1","max-image-preview":"max-image-preview:large","max-video-preview":"max-video-preview:-1"},"canonical":"https:\/\/thecraic.de\/?page_id=2","og_locale":"en_US","og_type":"article","og_title":"Info - The Craic","og_description":"F\u00fcnf Bergedorfer Musiker gr\u00fcndeten Anfang 2016 THE CRAIC! \u00bbCraic\u00ab steht f\u00fcr Musik, Entertainment und \u201eeine gute Zeit haben\u201c. Der Name ist Programm: Funk \u2019n\u2019 Soul vom Feinsten mit rockigen Ankl\u00e4ngen, der in die Beine geht und f\u00fcr Stimmung und eine volle Tanzfl\u00e4che sorgt.","og_url":"https:\/\/thecraic.de\/?page_id=2","og_site_name":"The Craic","article_publisher":"https:\/\/www.facebook.com\/thecraicband","article_modified_time":"2025-06-01T15:02:09+00:00","twitter_card":"summary_large_image","twitter_misc":{"Est. reading time":"1 minute"},"schema":{"@context":"https:\/\/schema.org","@graph":[{"@type":"WebPage","@id":"https:\/\/thecraic.de\/?page_id=2","url":"https:\/\/thecraic.de\/?page_id=2","name":"Info - The Craic","isPartOf":{"@id":"https:\/\/thecraic.de\/#website"},"datePublished":"2016-05-10T03:48:21+00:00","dateModified":"2025-06-01T15:02:09+00:00","description":"F\u00fcnf Bergedorfer Musiker gr\u00fcndeten Anfang 2016 THE CRAIC! \u00bbCraic\u00ab steht f\u00fcr Musik, Entertainment und \u201eeine gute Zeit haben\u201c. Der Name ist Programm: Funk \u2019n\u2019 Soul vom Feinsten mit rockigen Ankl\u00e4ngen, der in die Beine geht und f\u00fcr Stimmung und eine volle Tanzfl\u00e4che sorgt.","breadcrumb":{"@id":"https:\/\/thecraic.de\/?page_id=2#breadcrumb"},"inLanguage":"en-US","potentialAction":[{"@type":"ReadAction","target":["https:\/\/thecraic.de\/?page_id=2"]}]},{"@type":"BreadcrumbList","@id":"https:\/\/thecraic.de\/?page_id=2#breadcrumb","itemListElement":[{"@type":"ListItem","position":1,"name":"Home","item":"https:\/\/thecraic.de\/"},{"@type":"ListItem","position":2,"name":"Info"}]},{"@type":"WebSite","@id":"https:\/\/thecraic.de\/#website","url":"https:\/\/thecraic.de\/","name":"The Craic Band","description":"The Craic aus Hamburg - Infos, Musik, Live Dates und mehr jetzt Buchen!","publisher":{"@id":"https:\/\/thecraic.de\/#organization"},"potentialAction":[{"@type":"SearchAction","target":{"@type":"EntryPoint","urlTemplate":"https:\/\/thecraic.de\/?s={search_term_string}"},"query-input":{"@type":"PropertyValueSpecification","valueRequired":true,"valueName":"search_term_string"}}],"inLanguage":"en-US"},{"@type":"Organization","@id":"https:\/\/thecraic.de\/#organization","name":"The Craic Band","url":"https:\/\/thecraic.de\/","logo":{"@type":"ImageObject","inLanguage":"en-US","@id":"https:\/\/thecraic.de\/#\/schema\/logo\/image\/","url":"https:\/\/thecraic.de\/wp-content\/uploads\/2025\/06\/logo_small.jpg","contentUrl":"https:\/\/thecraic.de\/wp-content\/uploads\/2025\/06\/logo_small.jpg","width":160,"height":160,"caption":"The Craic Band"},"image":{"@id":"https:\/\/thecraic.de\/#\/schema\/logo\/image\/"},"sameAs":["https:\/\/www.facebook.com\/thecraicband","https:\/\/www.instagram.com\/thecraic.band\/","https:\/\/www.youtube.com\/@thecraic7201"]}]}},"_links":{"self":[{"href":"https:\/\/thecraic.de\/index.php?rest_route=\/wp\/v2\/pages\/2","targetHints":{"allow":["GET"]}}],"collection":[{"href":"https:\/\/thecraic.de\/index.php?rest_route=\/wp\/v2\/pages"}],"about":[{"href":"https:\/\/thecraic.de\/index.php?rest_route=\/wp\/v2\/types\/page"}],"author":[{"embeddable":true,"href":"https:\/\/thecraic.de\/index.php?rest_route=\/wp\/v2\/users\/1"}],"replies":[{"embeddable":true,"href":"https:\/\/thecraic.de\/index.php?rest_route=%2Fwp%2Fv2%2Fcomments&post=2"}],"version-history":[{"count":1,"href":"https:\/\/thecraic.de\/index.php?rest_route=\/wp\/v2\/pages\/2\/revisions"}],"predecessor-version":[{"id":21,"href":"https:\/\/thecraic.de\/index.php?rest_route=\/wp\/v2\/pages\/2\/revisions\/21"}],"wp:attachment":[{"href":"https:\/\/thecraic.de\/index.php?rest_route=%2Fwp%2Fv2%2Fmedia&parent=2"}],"curies":[{"name":"wp","href":"https:\/\/api.w.org\/{rel}","templated":true}]}}